{"id":44,"date":"2021-09-28T20:35:45","date_gmt":"2021-09-28T20:35:45","guid":{"rendered":"https:\/\/alumetal.mk\/?page_id=44"},"modified":"2022-01-01T13:23:17","modified_gmt":"2022-01-01T13:23:17","slug":"dritare-pvc","status":"publish","type":"page","link":"https:\/\/alumetal.mk\/en\/dritare-pvc\/","title":{"rendered":"Window PVC"},"content":{"rendered":"<div data-elementor-type=\"wp-page\" data-elementor-id=\"44\" class=\"elementor elementor-44\" data-elementor-post-type=\"page\">\n\t\t\t\t\t\t<section class=\"elementor-section elementor-top-section elementor-element elementor-element-3a589f89 elementor-section-height-min-height elementor-section-boxed elementor-section-height-default elementor-section-items-middle\" data-id=\"3a589f89\" data-element_type=\"section\" data-settings=\"{&quot;background_background&quot;:&quot;classic&quot;}\">\n\t\t\t\t\t\t<div class=\"elementor-container elementor-column-gap-default\">\n\t\t\t\t\t<div class=\"elementor-column elementor-col-100 elementor-top-column elementor-element elementor-element-1f2233e2\" data-id=\"1f2233e2\" data-element_type=\"column\">\n\t\t\t<div class=\"elementor-widget-wrap elementor-element-populated\">\n\t\t\t\t\t\t<div class=\"elementor-element elementor-element-34aacaf2 elementor-widget elementor-widget-heading\" data-id=\"34aacaf2\" data-element_type=\"widget\" data-widget_type=\"heading.default\">\n\t\t\t\t<div class=\"elementor-widget-container\">\n\t\t\t\t\t<h2 class=\"elementor-heading-title elementor-size-default\">Window PVC<\/h2>\t\t\t\t<\/div>\n\t\t\t\t<\/div>\n\t\t\t\t\t<\/div>\n\t\t<\/div>\n\t\t\t\t\t<\/div>\n\t\t<\/section>\n\t\t\t\t<section class=\"elementor-section elementor-top-section elementor-element elementor-element-d8c56c5 elementor-section-boxed elementor-section-height-default elementor-section-height-default\" data-id=\"d8c56c5\" data-element_type=\"section\">\n\t\t\t\t\t\t<div class=\"elementor-container elementor-column-gap-default\">\n\t\t\t\t\t<div class=\"elementor-column elementor-col-100 elementor-top-column elementor-element elementor-element-45237aa\" data-id=\"45237aa\" data-element_type=\"column\">\n\t\t\t<div class=\"elementor-widget-wrap elementor-element-populated\">\n\t\t\t\t\t\t<div class=\"elementor-element elementor-element-495b4b2 elementor-widget elementor-widget-heading\" data-id=\"495b4b2\" data-element_type=\"widget\" data-widget_type=\"heading.default\">\n\t\t\t\t<div class=\"elementor-widget-container\">\n\t\t\t\t\t<h2 class=\"elementor-heading-title elementor-size-default\">Salamander bluEvolution 82<\/h2>\t\t\t\t<\/div>\n\t\t\t\t<\/div>\n\t\t\t\t<section class=\"elementor-section elementor-inner-section elementor-element elementor-element-aa2f70d elementor-section-boxed elementor-section-height-default elementor-section-height-default\" data-id=\"aa2f70d\" data-element_type=\"section\">\n\t\t\t\t\t\t<div class=\"elementor-container elementor-column-gap-default\">\n\t\t\t\t\t<div class=\"elementor-column elementor-col-50 elementor-inner-column elementor-element elementor-element-7390208\" data-id=\"7390208\" data-element_type=\"column\">\n\t\t\t<div class=\"elementor-widget-wrap elementor-element-populated\">\n\t\t\t\t\t\t<div class=\"elementor-element elementor-element-67fff21 elementor-widget elementor-widget-image\" data-id=\"67fff21\" data-element_type=\"widget\" data-widget_type=\"image.default\">\n\t\t\t\t<div class=\"elementor-widget-container\">\n\t\t\t\t\t\t\t\t\t\t\t\t\t\t\t<img fetchpriority=\"high\" decoding=\"async\" width=\"600\" height=\"509\" src=\"https:\/\/alumetal.mk\/wp-content\/uploads\/2021\/11\/salamander-82.jpg\" class=\"attachment-full size-full wp-image-852\" alt=\"\" srcset=\"https:\/\/alumetal.mk\/wp-content\/uploads\/2021\/11\/salamander-82.jpg 600w, https:\/\/alumetal.mk\/wp-content\/uploads\/2021\/11\/salamander-82-300x255.jpg 300w, https:\/\/alumetal.mk\/wp-content\/uploads\/2021\/11\/salamander-82-14x12.jpg 14w\" sizes=\"(max-width: 600px) 100vw, 600px\" \/>\t\t\t\t\t\t\t\t\t\t\t\t\t\t\t<\/div>\n\t\t\t\t<\/div>\n\t\t\t\t\t<\/div>\n\t\t<\/div>\n\t\t\t\t<div class=\"elementor-column elementor-col-50 elementor-inner-column elementor-element elementor-element-1d0f158\" data-id=\"1d0f158\" data-element_type=\"column\">\n\t\t\t<div class=\"elementor-widget-wrap elementor-element-populated\">\n\t\t\t\t\t\t<div class=\"elementor-element elementor-element-c0a6437 elementor-widget elementor-widget-image\" data-id=\"c0a6437\" data-element_type=\"widget\" data-widget_type=\"image.default\">\n\t\t\t\t<div class=\"elementor-widget-container\">\n\t\t\t\t\t\t\t\t\t\t\t\t\t\t\t<img decoding=\"async\" width=\"600\" height=\"509\" src=\"https:\/\/alumetal.mk\/wp-content\/uploads\/2021\/12\/Salamander-bluEvolution-82_2.jpg\" class=\"attachment-full size-full wp-image-1150\" alt=\"\" srcset=\"https:\/\/alumetal.mk\/wp-content\/uploads\/2021\/12\/Salamander-bluEvolution-82_2.jpg 600w, https:\/\/alumetal.mk\/wp-content\/uploads\/2021\/12\/Salamander-bluEvolution-82_2-300x255.jpg 300w, https:\/\/alumetal.mk\/wp-content\/uploads\/2021\/12\/Salamander-bluEvolution-82_2-14x12.jpg 14w\" sizes=\"(max-width: 600px) 100vw, 600px\" \/>\t\t\t\t\t\t\t\t\t\t\t\t\t\t\t<\/div>\n\t\t\t\t<\/div>\n\t\t\t\t\t<\/div>\n\t\t<\/div>\n\t\t\t\t\t<\/div>\n\t\t<\/section>\n\t\t\t\t\t<\/div>\n\t\t<\/div>\n\t\t\t\t\t<\/div>\n\t\t<\/section>\n\t\t\t\t<section class=\"elementor-section elementor-top-section elementor-element elementor-element-9bf9927 elementor-section-boxed elementor-section-height-default elementor-section-height-default\" data-id=\"9bf9927\" data-element_type=\"section\">\n\t\t\t\t\t\t<div class=\"elementor-container elementor-column-gap-default\">\n\t\t\t\t\t<div class=\"elementor-column elementor-col-100 elementor-top-column elementor-element elementor-element-739037e\" data-id=\"739037e\" data-element_type=\"column\" data-settings=\"{&quot;background_background&quot;:&quot;classic&quot;}\">\n\t\t\t<div class=\"elementor-widget-wrap elementor-element-populated\">\n\t\t\t\t\t\t<div class=\"elementor-element elementor-element-6d2e675 elementor-widget elementor-widget-heading\" data-id=\"6d2e675\" data-element_type=\"widget\" data-widget_type=\"heading.default\">\n\t\t\t\t<div class=\"elementor-widget-container\">\n\t\t\t\t\t<h2 class=\"elementor-heading-title elementor-size-default\">Properties<\/h2>\t\t\t\t<\/div>\n\t\t\t\t<\/div>\n\t\t\t\t<div class=\"elementor-element elementor-element-b001f6b elementor-widget elementor-widget-text-editor\" data-id=\"b001f6b\" data-element_type=\"widget\" data-widget_type=\"text-editor.default\">\n\t\t\t\t<div class=\"elementor-widget-container\">\n\t\t\t\t\t\t\t\t\t<div class=\"col-md-6 neos-contentcollection\"><div class=\"typo3-neos-nodetypes-text\"><p>Chamber 6<\/p><p>Depth up to 82mm<\/p><p>Up to U<sub>w<\/sub>\u00a0= 0.65 W\/(m<sup>2<\/sup>K)\u00a0\u00a0<\/p><\/div><\/div><div class=\"col-md-6 neos-contentcollection\"><div class=\"typo3-neos-nodetypes-text\"><p>Up to 52mm adhesive tape<\/p><p>Sound insulation up to 47 dB<\/p><p>Resistant to theft: class 2<\/p><p>Areas of application: Side and bottom hanging windows, tilt and turn windows, side entrance doors and parallel tilt and sliding doors<\/p><\/div><\/div>\t\t\t\t\t\t\t\t<\/div>\n\t\t\t\t<\/div>\n\t\t\t\t\t<\/div>\n\t\t<\/div>\n\t\t\t\t\t<\/div>\n\t\t<\/section>\n\t\t\t\t<section class=\"elementor-section elementor-top-section elementor-element elementor-element-c434a94 elementor-section-boxed elementor-section-height-default elementor-section-height-default\" data-id=\"c434a94\" data-element_type=\"section\">\n\t\t\t\t\t\t<div class=\"elementor-container elementor-column-gap-default\">\n\t\t\t\t\t<div class=\"elementor-column elementor-col-100 elementor-top-column elementor-element elementor-element-0858f05\" data-id=\"0858f05\" data-element_type=\"column\">\n\t\t\t<div class=\"elementor-widget-wrap elementor-element-populated\">\n\t\t\t\t\t\t<div class=\"elementor-element elementor-element-16df348 elementor-widget elementor-widget-heading\" data-id=\"16df348\" data-element_type=\"widget\" data-widget_type=\"heading.default\">\n\t\t\t\t<div class=\"elementor-widget-container\">\n\t\t\t\t\t<h2 class=\"elementor-heading-title elementor-size-default\">Salamander bluEvolution 73<\/h2>\t\t\t\t<\/div>\n\t\t\t\t<\/div>\n\t\t\t\t<section class=\"elementor-section elementor-inner-section elementor-element elementor-element-c030092 elementor-section-boxed elementor-section-height-default elementor-section-height-default\" data-id=\"c030092\" data-element_type=\"section\">\n\t\t\t\t\t\t<div class=\"elementor-container elementor-column-gap-default\">\n\t\t\t\t\t<div class=\"elementor-column elementor-col-50 elementor-inner-column elementor-element elementor-element-a4ced8d\" data-id=\"a4ced8d\" data-element_type=\"column\">\n\t\t\t<div class=\"elementor-widget-wrap elementor-element-populated\">\n\t\t\t\t\t\t<div class=\"elementor-element elementor-element-9ae046c elementor-widget elementor-widget-image\" data-id=\"9ae046c\" data-element_type=\"widget\" data-widget_type=\"image.default\">\n\t\t\t\t<div class=\"elementor-widget-container\">\n\t\t\t\t\t\t\t\t\t\t\t\t\t\t\t<img decoding=\"async\" width=\"600\" height=\"509\" src=\"https:\/\/alumetal.mk\/wp-content\/uploads\/2021\/12\/Salamander-73_bg.jpg\" class=\"attachment-full size-full wp-image-1155\" alt=\"\" srcset=\"https:\/\/alumetal.mk\/wp-content\/uploads\/2021\/12\/Salamander-73_bg.jpg 600w, https:\/\/alumetal.mk\/wp-content\/uploads\/2021\/12\/Salamander-73_bg-300x255.jpg 300w, https:\/\/alumetal.mk\/wp-content\/uploads\/2021\/12\/Salamander-73_bg-14x12.jpg 14w\" sizes=\"(max-width: 600px) 100vw, 600px\" \/>\t\t\t\t\t\t\t\t\t\t\t\t\t\t\t<\/div>\n\t\t\t\t<\/div>\n\t\t\t\t\t<\/div>\n\t\t<\/div>\n\t\t\t\t<div class=\"elementor-column elementor-col-50 elementor-inner-column elementor-element elementor-element-5e38967\" data-id=\"5e38967\" data-element_type=\"column\">\n\t\t\t<div class=\"elementor-widget-wrap elementor-element-populated\">\n\t\t\t\t\t\t<div class=\"elementor-element elementor-element-536b452 elementor-widget elementor-widget-image\" data-id=\"536b452\" data-element_type=\"widget\" data-widget_type=\"image.default\">\n\t\t\t\t<div class=\"elementor-widget-container\">\n\t\t\t\t\t\t\t\t\t\t\t\t\t\t\t<img loading=\"lazy\" decoding=\"async\" width=\"600\" height=\"509\" src=\"https:\/\/alumetal.mk\/wp-content\/uploads\/2021\/12\/Salamander-73_bg2.jpg\" class=\"attachment-full size-full wp-image-1156\" alt=\"\" srcset=\"https:\/\/alumetal.mk\/wp-content\/uploads\/2021\/12\/Salamander-73_bg2.jpg 600w, https:\/\/alumetal.mk\/wp-content\/uploads\/2021\/12\/Salamander-73_bg2-300x255.jpg 300w, https:\/\/alumetal.mk\/wp-content\/uploads\/2021\/12\/Salamander-73_bg2-14x12.jpg 14w\" sizes=\"(max-width: 600px) 100vw, 600px\" \/>\t\t\t\t\t\t\t\t\t\t\t\t\t\t\t<\/div>\n\t\t\t\t<\/div>\n\t\t\t\t\t<\/div>\n\t\t<\/div>\n\t\t\t\t\t<\/div>\n\t\t<\/section>\n\t\t\t\t\t<\/div>\n\t\t<\/div>\n\t\t\t\t\t<\/div>\n\t\t<\/section>\n\t\t\t\t<section class=\"elementor-section elementor-top-section elementor-element elementor-element-7b5a8ae elementor-section-boxed elementor-section-height-default elementor-section-height-default\" data-id=\"7b5a8ae\" data-element_type=\"section\">\n\t\t\t\t\t\t<div class=\"elementor-container elementor-column-gap-default\">\n\t\t\t\t\t<div class=\"elementor-column elementor-col-100 elementor-top-column elementor-element elementor-element-6b77dd0\" data-id=\"6b77dd0\" data-element_type=\"column\" data-settings=\"{&quot;background_background&quot;:&quot;classic&quot;}\">\n\t\t\t<div class=\"elementor-widget-wrap elementor-element-populated\">\n\t\t\t\t\t\t<div class=\"elementor-element elementor-element-20b0f87 elementor-widget elementor-widget-heading\" data-id=\"20b0f87\" data-element_type=\"widget\" data-widget_type=\"heading.default\">\n\t\t\t\t<div class=\"elementor-widget-container\">\n\t\t\t\t\t<h2 class=\"elementor-heading-title elementor-size-default\">Properties<\/h2>\t\t\t\t<\/div>\n\t\t\t\t<\/div>\n\t\t\t\t<div class=\"elementor-element elementor-element-717d9ac elementor-widget elementor-widget-text-editor\" data-id=\"717d9ac\" data-element_type=\"widget\" data-widget_type=\"text-editor.default\">\n\t\t\t\t<div class=\"elementor-widget-container\">\n\t\t\t\t\t\t\t\t\t<div class=\"col-md-6 neos-contentcollection\"><div class=\"typo3-neos-nodetypes-text\"><p>Chamber 5<\/p><p>Depth up to 82mm<\/p><p>Up to Uw = 0.65 W\/(m2K)<sub>w<\/sub>\u00a0= 0.73 W\/(m\u00b2K)<\/p><\/div><\/div><div class=\"col-md-6 neos-contentcollection\"><div class=\"typo3-neos-nodetypes-text\"><p>Sound insulation up to 46 dB<\/p><p>Resistant to theft: class 2<\/p><p>Areas of application: Side and bottom hanging windows, tilt and turn windows, side entrance doors and parallel tilt and sliding doors<\/p><\/div><\/div>\t\t\t\t\t\t\t\t<\/div>\n\t\t\t\t<\/div>\n\t\t\t\t\t<\/div>\n\t\t<\/div>\n\t\t\t\t\t<\/div>\n\t\t<\/section>\n\t\t\t\t<section class=\"elementor-section elementor-top-section elementor-element elementor-element-8c73b4d elementor-section-boxed elementor-section-height-default elementor-section-height-default\" data-id=\"8c73b4d\" data-element_type=\"section\">\n\t\t\t\t\t\t<div class=\"elementor-container elementor-column-gap-default\">\n\t\t\t\t\t<div class=\"elementor-column elementor-col-100 elementor-top-column elementor-element elementor-element-157d32c\" data-id=\"157d32c\" data-element_type=\"column\">\n\t\t\t<div class=\"elementor-widget-wrap elementor-element-populated\">\n\t\t\t\t\t\t<div class=\"elementor-element elementor-element-d12dc54 elementor-widget elementor-widget-heading\" data-id=\"d12dc54\" data-element_type=\"widget\" data-widget_type=\"heading.default\">\n\t\t\t\t<div class=\"elementor-widget-container\">\n\t\t\t\t\t<h2 class=\"elementor-heading-title elementor-size-default\">Certificates<\/h2>\t\t\t\t<\/div>\n\t\t\t\t<\/div>\n\t\t\t\t<div class=\"elementor-element elementor-element-d5a8269 elementor-widget elementor-widget-image-carousel\" data-id=\"d5a8269\" data-element_type=\"widget\" data-settings=\"{&quot;slides_to_show&quot;:&quot;5&quot;,&quot;slides_to_scroll&quot;:&quot;1&quot;,&quot;navigation&quot;:&quot;none&quot;,&quot;autoplay&quot;:&quot;yes&quot;,&quot;pause_on_hover&quot;:&quot;yes&quot;,&quot;pause_on_interaction&quot;:&quot;yes&quot;,&quot;autoplay_speed&quot;:5000,&quot;infinite&quot;:&quot;yes&quot;,&quot;speed&quot;:500}\" data-widget_type=\"image-carousel.default\">\n\t\t\t\t<div class=\"elementor-widget-container\">\n\t\t\t\t\t\t\t<div class=\"elementor-image-carousel-wrapper swiper\" role=\"region\" aria-roledescription=\"carousel\" aria-label=\"Image Carousel\" dir=\"ltr\" data-no-translation-aria-label=\"\">\n\t\t\t<div class=\"elementor-image-carousel swiper-wrapper\" aria-live=\"off\">\n\t\t\t\t\t\t\t\t<div class=\"swiper-slide\" role=\"group\" aria-roledescription=\"slide\" aria-label=\"1 of 6\" data-no-translation-aria-label=\"\"><figure class=\"swiper-slide-inner\"><img decoding=\"async\" class=\"swiper-slide-image\" src=\"https:\/\/alumetal.mk\/wp-content\/uploads\/2021\/12\/1.jpg\" alt=\"1\" \/><\/figure><\/div><div class=\"swiper-slide\" role=\"group\" aria-roledescription=\"slide\" aria-label=\"2 of 6\" data-no-translation-aria-label=\"\"><figure class=\"swiper-slide-inner\"><img decoding=\"async\" class=\"swiper-slide-image\" src=\"https:\/\/alumetal.mk\/wp-content\/uploads\/2021\/12\/2.jpg\" alt=\"2\" \/><\/figure><\/div><div class=\"swiper-slide\" role=\"group\" aria-roledescription=\"slide\" aria-label=\"3 of 6\" data-no-translation-aria-label=\"\"><figure class=\"swiper-slide-inner\"><img decoding=\"async\" class=\"swiper-slide-image\" src=\"https:\/\/alumetal.mk\/wp-content\/uploads\/2021\/12\/3.jpg\" alt=\"3\" \/><\/figure><\/div><div class=\"swiper-slide\" role=\"group\" aria-roledescription=\"slide\" aria-label=\"4 of 6\" data-no-translation-aria-label=\"\"><figure class=\"swiper-slide-inner\"><img decoding=\"async\" class=\"swiper-slide-image\" src=\"https:\/\/alumetal.mk\/wp-content\/uploads\/2021\/12\/4.jpg\" alt=\"4\" \/><\/figure><\/div><div class=\"swiper-slide\" role=\"group\" aria-roledescription=\"slide\" aria-label=\"5 of 6\" data-no-translation-aria-label=\"\"><figure class=\"swiper-slide-inner\"><img decoding=\"async\" class=\"swiper-slide-image\" src=\"https:\/\/alumetal.mk\/wp-content\/uploads\/2021\/12\/5.jpg\" alt=\"5\" \/><\/figure><\/div><div class=\"swiper-slide\" role=\"group\" aria-roledescription=\"slide\" aria-label=\"6 of 6\" data-no-translation-aria-label=\"\"><figure class=\"swiper-slide-inner\"><img decoding=\"async\" class=\"swiper-slide-image\" src=\"https:\/\/alumetal.mk\/wp-content\/uploads\/2021\/12\/6.jpg\" alt=\"6\" \/><\/figure><\/div>\t\t\t<\/div>\n\t\t\t\t\t\t\t\n\t\t\t\t\t\t\t\t\t<\/div>\n\t\t\t\t\t\t<\/div>\n\t\t\t\t<\/div>\n\t\t\t\t\t<\/div>\n\t\t<\/div>\n\t\t\t\t\t<\/div>\n\t\t<\/section>\n\t\t\t\t<\/div>","protected":false},"excerpt":{"rendered":"<p>Dritare PVC Salamander bluEvolution 82 Vetit\u00eb Profil 6 Thell\u00ebsia e nd\u00ebrtimit: 82 mm Deri m\u00eb Uw\u00a0= 0.65 W\/(m2K)\u00a0\u00a0 Deri m\u00eb 52mm shirit ngjit\u00ebs Izolim i z\u00ebrit deri m\u00eb 47 dB Rezistent ndaj vjedhjeve: class 2 Fushat e aplikimit: Dritaret e varura anash dhe posht\u00eb, dritaret me anim dhe kthes\u00eb, dyert e hyrjes an\u00ebsore dhe dyert [&hellip;]<\/p>","protected":false},"author":1,"featured_media":0,"parent":0,"menu_order":0,"comment_status":"closed","ping_status":"closed","template":"","meta":{"inline_featured_image":false,"_monsterinsights_skip_tracking":false,"_monsterinsights_sitenote_active":false,"_monsterinsights_sitenote_note":"","_monsterinsights_sitenote_category":0,"footnotes":""},"class_list":["post-44","page","type-page","status-publish","hentry"],"_links":{"self":[{"href":"https:\/\/alumetal.mk\/en\/wp-json\/wp\/v2\/pages\/44","targetHints":{"allow":["GET"]}}],"collection":[{"href":"https:\/\/alumetal.mk\/en\/wp-json\/wp\/v2\/pages"}],"about":[{"href":"https:\/\/alumetal.mk\/en\/wp-json\/wp\/v2\/types\/page"}],"author":[{"embeddable":true,"href":"https:\/\/alumetal.mk\/en\/wp-json\/wp\/v2\/users\/1"}],"replies":[{"embeddable":true,"href":"https:\/\/alumetal.mk\/en\/wp-json\/wp\/v2\/comments?post=44"}],"version-history":[{"count":61,"href":"https:\/\/alumetal.mk\/en\/wp-json\/wp\/v2\/pages\/44\/revisions"}],"predecessor-version":[{"id":1497,"href":"https:\/\/alumetal.mk\/en\/wp-json\/wp\/v2\/pages\/44\/revisions\/1497"}],"wp:attachment":[{"href":"https:\/\/alumetal.mk\/en\/wp-json\/wp\/v2\/media?parent=44"}],"curies":[{"name":"wp","href":"https:\/\/api.w.org\/{rel}","templated":true}]}}